{"id":2821,"date":"2015-07-28T21:45:40","date_gmt":"2015-07-28T19:45:40","guid":{"rendered":"https:\/\/dependance.poggiodimare.it\/?page_id=2821"},"modified":"2022-06-15T10:24:12","modified_gmt":"2022-06-15T08:24:12","slug":"termini-e-condizioni","status":"publish","type":"page","link":"https:\/\/dependance.poggiodimare.it\/?page_id=2821","title":{"rendered":"Termini e condizioni"},"content":{"rendered":"<div class=\"wrapper  \" style=\"\" >\n\t\t\t\t<div class=\"row \"><div class=\"col-xs-12 col-sm-12 col-md-12 col-lg-12\"><div class='blox_element blox_elem_divider style1 '><\/div><div class='blox_element tt_text_content  '>\n<p style=\"text-align: justify;\"><strong>TERMINI E CONDIZIONI<\/strong><\/p>\n<ul style=\"text-align: justify;\">\n<li>Chek-in: dalle ore 14.30<\/li>\n<li>Chek-out: entro le 10.30<\/li>\n<li>Animali: non ammessi<\/li>\n<li>Fumo: vietato fumare, tranne all&#8217;esterno<\/li>\n<li>Prima colazione: servita in terrazza dalle 8.30 alle 10.30, comprende: caff\u00e8 e cornetti, the, torte e marmellate fatte in casa, frutta di stagione, yogurt, pane tostato, succhi di frutta; dolci e biscotti siciliani, uova. Prodotti per celiaci (solo a richiesta)<\/li>\n<\/ul>\n<ul style=\"text-align: justify;\">\n<li>Il prezzo della stanza comprende: il soggiorno, la prima colazione, l\u2019uso della terrazza, dei locali comuni e del parco, l\u2019uso del wifi nelle aree comuni, cambio biancheria giornaliero, riordino stanza giornaliero. NON \u00c8 COMPRESA la tassa di soggiorno comunale.<\/li>\n<\/ul>\n<ul style=\"text-align: justify;\">\n<li>Prenotazione: all\u2019atto della prenotazione, l&#8217;ospite dovr\u00e0 inviare un acconto pari al 30% del costo del soggiorno, intesa come penitenziale ai sensi degli artt. 1385 e 1386 C.C.. La prenotazione sar\u00e0 valida e vincolante soltanto quando Poggio di Mare confermer\u00e0 all&#8217;ospite la ricezione della caparra.<\/li>\n<\/ul>\n<ul style=\"text-align: justify;\">\n<li>Pagamento: il saldo del soggiorno dovr\u00e0 essere effettuato il giorno di arrivo, subito dopo la consegna della stanza, tramite contanti. L&#8217;ospite non avr\u00e0 diritto a sconti o a restituzioni di denaro qualora decidesse, per qualsiasi motivo, di anticipare la partenza rispetto alla data concordata.<\/li>\n<\/ul>\n<ul style=\"text-align: justify;\">\n<li>Cancellazione della prenotazione: Gratuita, con restituzione totale dell&#8217;acconto, se \u00e8 effettuata entro 16 o pi\u00f9 giorni dalla data di arrivo. Onerosa, con perdita dell&#8217;intero importo versato, se \u00e8 effettuata entro 15 o meno giorni prima dalla data di arrivo.<\/li>\n<\/ul>\n<ul>\n<li style=\"text-align: justify;\">L\u2019ospite \u00e8 consapevole che Giuliana Gentile tratter\u00e0 e comunicher\u00e0 a terzi i suoi dati personali in relazione agli adempimenti connessi col rapporto di locazione (Legge Privacy 31\/12\/1996 n. 675 e art. 13 del Decreto Legislativo 2003\/196).<\/li>\n<\/ul><\/div><\/div><\/div>\n\t\t\t<\/div>\n<div class=\"blox_row_fullwidth light \" style=\"background-color: #00b4cc;\" >\n\t\t\t\t\t<div class=\"container\">\n\t\t\t\t\t\t<div class=\"wrapper\">\n\t\t\t\t\t\t\t<div class=\"row \"><div class=\"col-xs-12 col-xxs-6 col-sm-6 col-md-2 col-lg-2\"><div class=\"blox_element blox_elem_image_frame  \">\r\n\t\t\t\t<div class=\"blox_elem_image_frame_border blox_elem_image_frame_radius blox_elem_image_frame_bordered blox_elem_image_frame_no_border\">\r\n\t\t\t\t\t<a class=\"algin-left clearfix\" href=\"https:\/\/www.facebook.com\/vistapoggio\/\" title=\"\"  target=\"_self\">\r\n\t\t\t\t\t\t<div class=\"blox_elem_image_frame_hover\">\r\n\t\t\t\t\t\t\t<i class=\"icon-picture\"><\/i>\r\n\t\t\t\t\t\t<\/div>\r\n\t\t\t\t\t\t<img decoding=\"async\" src=\"https:\/\/dependance.poggiodimare.it\/wp-content\/uploads\/2018\/01\/facebook-e1517338395963.png\" alt=\"Image\" class=\"frame\"\/>\r\n\t\t\t\t\t<\/a>\r\n\t\t\t\t<\/div>\r\n\t\t\t\t<p class=\"blox_elem_caption_text\"><\/p>\r\n\t\t\t<\/div><\/div><div class=\"col-xs-12 col-xxs-6 col-sm-6 col-md-2 col-lg-2\"><div class=\"blox_element blox_elem_image_frame  \">\r\n\t\t\t\t<div class=\"blox_elem_image_frame_border blox_elem_image_frame_radius blox_elem_image_frame_bordered blox_elem_image_frame_no_border\">\r\n\t\t\t\t\t<a class=\"algin-left clearfix\" href=\"https:\/\/twitter.com\/poggiodimare\" title=\"\"  target=\"_self\">\r\n\t\t\t\t\t\t<div class=\"blox_elem_image_frame_hover\">\r\n\t\t\t\t\t\t\t<i class=\"icon-picture\"><\/i>\r\n\t\t\t\t\t\t<\/div>\r\n\t\t\t\t\t\t<img decoding=\"async\" src=\"https:\/\/dependance.poggiodimare.it\/wp-content\/uploads\/2018\/01\/twitter-e1517413210837.png\" alt=\"Image\" class=\"frame\"\/>\r\n\t\t\t\t\t<\/a>\r\n\t\t\t\t<\/div>\r\n\t\t\t\t<p class=\"blox_elem_caption_text\"><\/p>\r\n\t\t\t<\/div><\/div><div class=\"col-xs-12 col-xxs-6 col-sm-6 col-md-2 col-lg-2\"><div class=\"blox_element blox_elem_image_frame  \">\r\n\t\t\t\t<div class=\"blox_elem_image_frame_border blox_elem_image_frame_radius blox_elem_image_frame_bordered blox_elem_image_frame_no_border\">\r\n\t\t\t\t\t<a class=\"algin-left clearfix\" href=\"https:\/\/www.instagram.com\/poggiodimare\" title=\"\"  target=\"_self\">\r\n\t\t\t\t\t\t<div class=\"blox_elem_image_frame_hover\">\r\n\t\t\t\t\t\t\t<i class=\"icon-picture\"><\/i>\r\n\t\t\t\t\t\t<\/div>\r\n\t\t\t\t\t\t<img decoding=\"async\" src=\"https:\/\/dependance.poggiodimare.it\/wp-content\/uploads\/2018\/01\/instagram-e1517413257377.png\" alt=\"Image\" class=\"frame\"\/>\r\n\t\t\t\t\t<\/a>\r\n\t\t\t\t<\/div>\r\n\t\t\t\t<p class=\"blox_elem_caption_text\"><\/p>\r\n\t\t\t<\/div><\/div><div class=\"col-xs-12 col-xxs-6 col-sm-6 col-md-2 col-lg-2\"><div class=\"blox_element blox_elem_image_frame  \">\r\n\t\t\t\t<div class=\"blox_elem_image_frame_border blox_elem_image_frame_radius blox_elem_image_frame_bordered blox_elem_image_frame_no_border\">\r\n\t\t\t\t\t<a class=\"algin-left clearfix\" href=\"https:\/\/www.tripadvisor.it\/Hotel_Review-g1095778-d8586583-Reviews-Poggio_di_Mare-Castelluzzo_San_Vito_lo_Capo_Province_of_Trapani_Sicily.html\" title=\"\"  target=\"_self\">\r\n\t\t\t\t\t\t<div class=\"blox_elem_image_frame_hover\">\r\n\t\t\t\t\t\t\t<i class=\"icon-picture\"><\/i>\r\n\t\t\t\t\t\t<\/div>\r\n\t\t\t\t\t\t<img decoding=\"async\" src=\"https:\/\/dependance.poggiodimare.it\/wp-content\/uploads\/2018\/01\/trip-e1517413220668.png\" alt=\"Image\" class=\"frame\"\/>\r\n\t\t\t\t\t<\/a>\r\n\t\t\t\t<\/div>\r\n\t\t\t\t<p class=\"blox_elem_caption_text\"><\/p>\r\n\t\t\t<\/div><\/div><div class=\"col-xs-12 col-xxs-6 col-sm-6 col-md-2 col-lg-2\"><div class=\"blox_element blox_elem_image_frame  \">\r\n\t\t\t\t<div class=\"blox_elem_image_frame_border blox_elem_image_frame_radius blox_elem_image_frame_bordered blox_elem_image_frame_no_border\">\r\n\t\t\t\t\t<a class=\"algin-left clearfix\" href=\"https:\/\/www.booking.com\/hotel\/it\/poggio-di-mare.it.html?label=gen173nr-1FCAsocUIOcG9nZ2lvLWRpLW1hcmVIFFgEaHGIAQGYARTCAQNhYm7IAQzYAQHoAQH4AQOSAgF5qAIE;sid=1d4a8dec3b213c039dcd8c6a078d9364;dest_id=-114571;dest_type=city;dist=0;hapos=1;hpos=1;room1=A%2CA;sb_price_type=total;srepoch=1516703125;srfid=eddb873ec885e2480967360615609401e7a92d1cX1;srpvid=4554494a5b4a086c;type=total;ucfs=1&amp;#hotelTmpl\" title=\"\"  target=\"_self\">\r\n\t\t\t\t\t\t<div class=\"blox_elem_image_frame_hover\">\r\n\t\t\t\t\t\t\t<i class=\"icon-picture\"><\/i>\r\n\t\t\t\t\t\t<\/div>\r\n\t\t\t\t\t\t<img decoding=\"async\" src=\"https:\/\/dependance.poggiodimare.it\/wp-content\/uploads\/2018\/01\/booking-1-e1517413235757.png\" alt=\"Image\" class=\"frame\"\/>\r\n\t\t\t\t\t<\/a>\r\n\t\t\t\t<\/div>\r\n\t\t\t\t<p class=\"blox_elem_caption_text\"><\/p>\r\n\t\t\t<\/div><\/div><div class=\"col-xs-12 col-xxs-6 col-sm-6 col-md-2 col-lg-2\"><div class=\"blox_element blox_elem_image_frame  \">\r\n\t\t\t\t<div class=\"blox_elem_image_frame_border blox_elem_image_frame_radius blox_elem_image_frame_bordered blox_elem_image_frame_no_border\">\r\n\t\t\t\t\t<a class=\"algin-left clearfix\" href=\"poggiodimare\" title=\"\"  target=\"_self\">\r\n\t\t\t\t\t\t<div class=\"blox_elem_image_frame_hover\">\r\n\t\t\t\t\t\t\t<i class=\"icon-picture\"><\/i>\r\n\t\t\t\t\t\t<\/div>\r\n\t\t\t\t\t\t<img decoding=\"async\" src=\"https:\/\/dependance.poggiodimare.it\/wp-content\/uploads\/2018\/01\/skype-e1517413197503.png\" alt=\"Image\" class=\"frame\"\/>\r\n\t\t\t\t\t<\/a>\r\n\t\t\t\t<\/div>\r\n\t\t\t\t<p class=\"blox_elem_caption_text\"><\/p>\r\n\t\t\t<\/div><\/div><\/div>\n\t\t\t\t\t\t<\/div>\n\t\t\t\t\t<\/div>\n\t\t\t\t<\/div>\n","protected":false},"excerpt":{"rendered":"TERMINI E CONDIZIONI Chek-in: dalle ore 14.30 Chek-out: entro le 10.30 Animali: non ammessi Fumo: vietato fumare, tranne all'esterno Prima colazione: servita in terrazza dalle 8.30 alle 10.30, comprende: caff\u00e8 e cornetti, the, torte e marmellate fatte in casa, frutta di stagione, yogurt, pane tostato, succhi di frutta; dolci e biscotti siciliani, uova. Prodotti per [...]","protected":false},"author":1,"featured_media":0,"parent":0,"menu_order":0,"comment_status":"closed","ping_status":"closed","template":"","meta":{"footnotes":""},"_links":{"self":[{"href":"https:\/\/dependance.poggiodimare.it\/index.php?rest_route=\/wp\/v2\/pages\/2821"}],"collection":[{"href":"https:\/\/dependance.poggiodimare.it\/index.php?rest_route=\/wp\/v2\/pages"}],"about":[{"href":"https:\/\/dependance.poggiodimare.it\/index.php?rest_route=\/wp\/v2\/types\/page"}],"author":[{"embeddable":true,"href":"https:\/\/dependance.poggiodimare.it\/index.php?rest_route=\/wp\/v2\/users\/1"}],"replies":[{"embeddable":true,"href":"https:\/\/dependance.poggiodimare.it\/index.php?rest_route=%2Fwp%2Fv2%2Fcomments&post=2821"}],"version-history":[{"count":0,"href":"https:\/\/dependance.poggiodimare.it\/index.php?rest_route=\/wp\/v2\/pages\/2821\/revisions"}],"wp:attachment":[{"href":"https:\/\/dependance.poggiodimare.it\/index.php?rest_route=%2Fwp%2Fv2%2Fmedia&parent=2821"}],"curies":[{"name":"wp","href":"https:\/\/api.w.org\/{rel}","templated":true}]}}